{"id":3046,"date":"2017-06-09T11:53:40","date_gmt":"2017-06-09T11:53:40","guid":{"rendered":"http:\/\/saumell-vallejo.com\/?page_id=3046"},"modified":"2021-07-14T16:40:05","modified_gmt":"2021-07-14T16:40:05","slug":"la-firma-en-barcelona","status":"publish","type":"page","link":"https:\/\/www.saumell-vallejo.com\/ca\/la-firma-en-barcelona\/","title":{"rendered":"La Firma en Barcelona"},"content":{"rendered":"[vc_row type=&#8221;full_width_content&#8221; full_screen_row_position=&#8221;top&#8221; bg_color=&#8221;#ffffff&#8221; scene_position=&#8221;center&#8221; text_color=&#8221;dark&#8221; text_align=&#8221;left&#8221; overlay_strength=&#8221;0.3&#8243;][vc_column column_padding=&#8221;no-extra-padding&#8221; column_padding_position=&#8221;all&#8221; background_color_opacity=&#8221;1&#8243; background_hover_color_opacity=&#8221;1&#8243; column_shadow=&#8221;none&#8221; width=&#8221;1\/1&#8243; tablet_text_alignment=&#8221;default&#8221; phone_text_alignment=&#8221;default&#8221; column_border_width=&#8221;none&#8221; column_border_style=&#8221;solid&#8221;]<div style=\"height: 500px\"  data-transition=\"slide\" data-overall_style=\"classic\" data-flexible-height=\"\" data-animate-in-effect=\"none\" data-fullscreen=\"false\" data-button-sizing=\"regular\" data-button-styling=\"btn_with_count\" data-autorotate=\"\" data-parallax=\"false\" data-full-width=\"false\" class=\"nectar-slider-wrap \" id=\"ns-id-69df31dd8efd8\">\r\n\t\t\t<div style=\"height: 500px\" class=\"swiper-container\"  data-tho=\"auto\" data-tco=\"auto\" data-pho=\"auto\" data-pco=\"auto\" data-loop=\"false\" data-height=\"500\" data-min-height=\"\" data-arrows=\"false\" data-bullets=\"false\" data-bullet_style=\"see_through\" data-desktop-swipe=\"false\" data-settings=\"\">\r\n\t\t\t\t    <div class=\"swiper-wrapper\"><div class=\"swiper-slide\" data-bg-alignment=\"center\" data-color-scheme=\"dark\" data-x-pos=\"left\" data-y-pos=\"middle\"> \r\n\t\t\t\t\t\t\t\t<div class=\"image-bg\" style=\"background-image: url(https:\/\/saumell-vallejo.com\/wp-content\/uploads\/2018\/07\/firm1.png);\"> &nbsp; <\/div><div class=\"container\">\r\n\t\t\t\t\t\t\t\t\t<div class=\"content\"><p  ><span><h1 style=\"text-align: center;\"><span style=\"color: #ffffff;\">La firma en Barcelona<\/span><\/h1> <p> <h3 style=\"text-align: center;\"><span style=\"color: #ffffff;\">A Saumell & Vallejo treballem sobre la base de dues premisses: ajudar als clients a trobar solucions i fer el treball en un entorn de proximitat i confian\u00e7a d'una manera fiable i eficient. Les nostres \u00e0rees principals de treball s\u00f3n el dret mercantil, fiscal i comptable, el dret immobiliari i el dret internacional.<\/span><\/h3><br \/><br \/><br \/><\/span><\/p><\/div>\r\n\t\t\t\t\t\t\t\t<\/div><!--\/container--><div class=\"video-texture active_texture\"> <span class=\"ie-fix\"><\/span> <\/div><\/div><!--\/swiper-slide--><\/div><div class=\"nectar-slider-loading \"> <span class=\"loading-icon none\">   <\/span> <\/div> <\/div> \r\n\t\t\t\t\r\n\t\t\t<\/div>[\/vc_column][\/vc_row][vc_row type=&#8221;in_container&#8221; full_screen_row_position=&#8221;middle&#8221; scene_position=&#8221;center&#8221; text_color=&#8221;dark&#8221; text_align=&#8221;left&#8221; bottom_padding=&#8221;160&#8243; overlay_strength=&#8221;0.3&#8243;][vc_column column_padding=&#8221;no-extra-padding&#8221; column_padding_position=&#8221;all&#8221; background_color_opacity=&#8221;1&#8243; background_hover_color_opacity=&#8221;1&#8243; column_shadow=&#8221;none&#8221; width=&#8221;1\/1&#8243; tablet_text_alignment=&#8221;default&#8221; phone_text_alignment=&#8221;default&#8221; column_border_width=&#8221;none&#8221; column_border_style=&#8221;solid&#8221;]<div class=\"divider-wrap\"><div style=\"height: 110px;\" class=\"divider\"><\/div><\/div>[vc_column_text]\n<h2><strong>EQUIP PROFESSIONAL<\/strong><\/h2>\n[\/vc_column_text]<div class=\"divider-wrap\"><div style=\"height: 30px;\" class=\"divider\"><\/div><\/div>[tabbed_section style=&#8221;vertical&#8221;][tab title=&#8221;\u00c1lvaro Saumell &#8221; id=&#8221;1396210176255-5&#8243; tab_id=&#8221;1489047677054-8&#8243;][vc_row_inner column_margin=&#8221;default&#8221; text_align=&#8221;center&#8221;][vc_column_inner column_padding=&#8221;no-extra-padding&#8221; column_padding_position=&#8221;all&#8221; centered_text=&#8221;true&#8221; background_color_opacity=&#8221;1&#8243; width=&#8221;1\/2&#8243; column_border_width=&#8221;none&#8221; column_border_style=&#8221;solid&#8221;][vc_column_text]<img loading=\"lazy\" class=\"aligncenter wp-image-2692 size-medium\" src=\"http:\/\/saumell-vallejo.com\/wp-content\/uploads\/2017\/03\/lvaro-300x286.jpg\" alt=\"\u00c1lvaro\" width=\"300\" height=\"286\" srcset=\"https:\/\/www.saumell-vallejo.com\/wp-content\/uploads\/2017\/03\/lvaro-300x286.jpg 300w, https:\/\/www.saumell-vallejo.com\/wp-content\/uploads\/2017\/03\/lvaro-768x733.jpg 768w, https:\/\/www.saumell-vallejo.com\/wp-content\/uploads\/2017\/03\/lvaro-1024x978.jpg 1024w\" sizes=\"(max-width: 300px) 100vw, 300px\" \/>[\/vc_column_text][vc_column_text]\n<h4>\u00c0rees de Pr\u00e0ctica<\/h4>\n<ul>\n<li><a href=\"http:\/\/saumell-vallejo.com\/areas-de-practica\/#MERCANTILCONTABLEFISCAL\">Mercantil\u00a0<\/a><\/li>\n<li><a href=\"http:\/\/saumell-vallejo.com\/areas-de-practica\/#INMUEBLES\">Immobles\u00a0<\/a><\/li>\n<li><a href=\"http:\/\/saumell-vallejo.com\/areas-de-practica\/#AGENCIAYDISTRIBUCION\">Ag\u00e8ncia i distribuci\u00f3<\/a><\/li>\n<li><a href=\"http:\/\/saumell-vallejo.com\/areas-de-practica\/#INTERNACIONALPRIVADO\">Internacional<\/a><\/li>\n<\/ul>\n[\/vc_column_text][\/vc_column_inner][vc_column_inner boxed=&#8221;true&#8221; column_padding=&#8221;no-extra-padding&#8221; column_padding_position=&#8221;all&#8221; background_color_opacity=&#8221;1&#8243; width=&#8221;1\/2&#8243; column_border_width=&#8221;1px&#8221; column_border_color=&#8221;#dbdbdb&#8221; column_border_style=&#8221;solid&#8221;][vc_column_text]\n<h4 style=\"text-align: left;\">Dades de contacte<\/h4>\n<p style=\"text-align: left;\">+ 34 654540638<br \/>\n<a href=\"mailto:alvarosaumell@icab.es\">alvarosaumell@icab.es<\/a><\/p>\n<h4 style=\"text-align: left;\">Dades d&#8217; inter\u00e8s professional:<\/h4>\n<ul>\n<li style=\"text-align: left;\">Advocat pel Col\u00b7legi d\u00b4Advocats de Barcelona.<\/li>\n<li style=\"text-align: left;\">Membre del Comit\u00e8 Executiu i exPresident de la \u201cEuropean Law Firm\u201d.<\/li>\n<li style=\"text-align: left;\">Membre de la Uni\u00f3 Internacional d\u00b4Advocats.<\/li>\n<li style=\"text-align: left;\">Membre del Comit\u00e8 Executiu i ex President del club de comunicaci\u00f3 \u201cPrestigious Speakers Toastmasters Barcelona\u201d.<\/li>\n<li style=\"text-align: left;\">Membre de la Junta Directiva de la Cambra de Comer\u00e7 Espanyola a Letonia.<\/li>\n<\/ul>\n<h4 style=\"text-align: left;\">Formaci\u00f3:<\/h4>\n<ul>\n<li style=\"text-align: left;\">Llicenciat en Dret per la \u201cUniversitat de Navarra\u201d de Pamplona.<\/li>\n<li style=\"text-align: left;\">Diploma en Direcci\u00f3 Econ\u00f2mica Financera per l\u00b4Escola \u201cManagement School\u201d de Barcelona.<\/li>\n<li style=\"text-align: left;\">Diploma en TPLA (\u201cTransformational<\/li>\n<li style=\"text-align: left;\">Presence Leadership in Action\u201d) d\u2019Alan Seale, Boston, a Barcelona.<\/li>\n<li style=\"text-align: left;\">Diploma en HPA (\u201cHigh Performance Academy\u201d) de Brendon Burchard, San Jos\u00e9, California.<\/li>\n<\/ul>\n<h4 style=\"text-align: left;\">Idiomes:<\/h4>\n<p style=\"text-align: left;\">Catal\u00e0, castell\u00e0, angl\u00e8s i franc\u00e8s.<\/p>\n[\/vc_column_text][\/vc_column_inner][\/vc_row_inner][\/tab][tab title=&#8221;Rafael Vallejo&#8221; tab_id=&#8221;1489047677170-7&#8243; id=&#8221;1489661713346-8&#8243;][vc_row_inner column_margin=&#8221;default&#8221; text_align=&#8221;center&#8221;][vc_column_inner column_padding=&#8221;no-extra-padding&#8221; column_padding_position=&#8221;all&#8221; centered_text=&#8221;true&#8221; background_color_opacity=&#8221;1&#8243; width=&#8221;1\/2&#8243; column_border_width=&#8221;none&#8221; column_border_style=&#8221;solid&#8221;][vc_column_text]<img loading=\"lazy\" class=\"alignnone wp-image-3112 size-full\" src=\"http:\/\/saumell-vallejo.com\/wp-content\/uploads\/2017\/06\/rafelvallejo.png\" alt=\"\" width=\"300\" height=\"295\" srcset=\"https:\/\/www.saumell-vallejo.com\/wp-content\/uploads\/2017\/06\/rafelvallejo.png 300w, https:\/\/www.saumell-vallejo.com\/wp-content\/uploads\/2017\/06\/rafelvallejo-24x24.png 24w, https:\/\/www.saumell-vallejo.com\/wp-content\/uploads\/2017\/06\/rafelvallejo-36x36.png 36w, https:\/\/www.saumell-vallejo.com\/wp-content\/uploads\/2017\/06\/rafelvallejo-48x48.png 48w\" sizes=\"(max-width: 300px) 100vw, 300px\" \/>[\/vc_column_text][vc_column_text]\n<h4>\u00c0rees de pr\u00e0ctica<\/h4>\n<ul>\n<li style=\"text-align: left;\"><a href=\"http:\/\/saumell-vallejo.com\/areas-de-practica\/#CONTABLEYFISCAL\">Comptable i Fiscal<\/a><\/li>\n<\/ul>\n[\/vc_column_text][\/vc_column_inner][vc_column_inner boxed=&#8221;true&#8221; column_padding=&#8221;no-extra-padding&#8221; column_padding_position=&#8221;all&#8221; background_color_opacity=&#8221;1&#8243; width=&#8221;1\/2&#8243; column_border_width=&#8221;none&#8221; column_border_style=&#8221;solid&#8221;][vc_column_text]\n<h4 style=\"text-align: left;\">Dades de contacte<\/h4>\n<p style=\"text-align: left;\">+34 93 2010399<br \/>\n<a href=\"mailto:rvallejo@economistes.com\">rvallejo@economistes.com<\/a><\/p>\n<h4 style=\"text-align: left;\">Dades d&#8217;inter\u00e8s professional:<\/h4>\n<ul>\n<li style=\"text-align: left;\">Membre del Col.legi d\u00b4Economistes.<\/li>\n<li style=\"text-align: left;\">Membre del Col.legi de Censors Jurats de Comptes.<\/li>\n<\/ul>\n<h4 style=\"text-align: left;\">Formaci\u00f3:<\/h4>\n<ul>\n<li style=\"text-align: left;\"><span style=\"font-weight: 400;\">Llicenciat en Econ\u00f2miques per la<\/span>\u00a0\u201cUniversitat de Barcelona\u201d.<\/li>\n<li style=\"text-align: left;\">Llicenciat en Dret per la \u201cUniversitat de\u00a0Barcelona\u201d.<\/li>\n<li style=\"text-align: left;\">Censor Jurat de Comptes.<\/li>\n<\/ul>\n<h4 style=\"text-align: left;\">Publicacions i\/o doc\u00e8ncia:<\/h4>\n<p style=\"text-align: left;\">Articles en revistes especialitzades.<\/p>\n<h4 style=\"text-align: left;\">Idiomes:<\/h4>\n<p style=\"text-align: left;\"><span style=\"font-weight: 400;\">Castell\u00e0 i angl\u00e8s.<\/span><\/p>\n[\/vc_column_text][\/vc_column_inner][\/vc_row_inner][\/tab][tab title=&#8221;Gonzalo Galiano&#8221; id=&#8221;1396210195262-7&#8243; tab_id=&#8221;1489047677255-5&#8243;][vc_row_inner column_margin=&#8221;default&#8221; text_align=&#8221;center&#8221;][vc_column_inner column_padding=&#8221;no-extra-padding&#8221; column_padding_position=&#8221;all&#8221; centered_text=&#8221;true&#8221; background_color_opacity=&#8221;1&#8243; width=&#8221;1\/2&#8243; column_border_width=&#8221;none&#8221; column_border_style=&#8221;solid&#8221;][vc_column_text]<img loading=\"lazy\" class=\"alignnone size-medium wp-image-3213\" src=\"http:\/\/saumell-vallejo.com\/wp-content\/uploads\/2017\/06\/Gonzalo-300x255-300x255.jpg\" alt=\"\" width=\"300\" height=\"255\" srcset=\"https:\/\/www.saumell-vallejo.com\/wp-content\/uploads\/2017\/06\/Gonzalo-300x255.jpg 300w, https:\/\/www.saumell-vallejo.com\/wp-content\/uploads\/2017\/06\/Gonzalo-300x255-24x20.jpg 24w, https:\/\/www.saumell-vallejo.com\/wp-content\/uploads\/2017\/06\/Gonzalo-300x255-36x31.jpg 36w, https:\/\/www.saumell-vallejo.com\/wp-content\/uploads\/2017\/06\/Gonzalo-300x255-48x41.jpg 48w\" sizes=\"(max-width: 300px) 100vw, 300px\" \/>[\/vc_column_text][vc_column_text]\n<h4>\u00c0rees de pr\u00e0ctica<\/h4>\n<ul>\n<li><a href=\"http:\/\/saumell-vallejo.com\/areas-de-practica\/#MERCANTILCONTABLEFISCAL\">Mercantil<\/a><\/li>\n<li><a href=\"http:\/\/saumell-vallejo.com\/areas-de-practica\/#INMUEBLES\">Immobles<\/a><\/li>\n<li><a href=\"http:\/\/saumell-vallejo.com\/areas-de-practica\/#CONTABLEYFISCAL\/\">Comptable i Fiscal<\/a><\/li>\n<\/ul>\n[\/vc_column_text][\/vc_column_inner][vc_column_inner boxed=&#8221;true&#8221; column_padding=&#8221;no-extra-padding&#8221; column_padding_position=&#8221;all&#8221; background_color_opacity=&#8221;1&#8243; width=&#8221;1\/2&#8243; column_border_width=&#8221;none&#8221; column_border_style=&#8221;solid&#8221;][vc_column_text]\n<h4 style=\"text-align: left;\">Dades de contacte<\/h4>\n<p style=\"text-align: left;\">Tel. +34 93 2010399<\/p>\n<p style=\"text-align: left;\"><a href=\"ggaliano@icab.es\">ggaliano@icab.es<\/a><\/p>\n<h4 style=\"text-align: left;\">Dades d&#8217; inter\u00e9s professional:<\/h4>\n<ul style=\"text-align: left;\">\n<li>Advocat pel Col.legi d\u2019Advocats de Barcelona<\/li>\n<\/ul>\n<h4 style=\"text-align: left;\">Formaci\u00f3:<\/h4>\n<ul style=\"text-align: left;\">\n<li>Llicenciat en Dret per la \u201cUniversidad de Barcelona\u201d.<\/li>\n<li>M\u00e0ster en Dret Tributari, Universitat de\u00a0Barcelona, Institut d\u2019Economia, Dret\u00a0Financer I Cooperativa.<\/li>\n<\/ul>\n<h4 style=\"text-align: left;\">Publicaciones i\/o doc\u00e8ncia:<\/h4>\n<p style=\"text-align: left;\">Art\u00edcules en revistes especialitzades.<\/p>\n<h4 style=\"text-align: left;\">Idiomas:<\/h4>\n<p style=\"text-align: left;\">Catal\u00e0, castell\u00e0, angl\u00e8s i itali\u00e0.<\/p>\n[\/vc_column_text][\/vc_column_inner][\/vc_row_inner][\/tab][\/tabbed_section][\/vc_column][\/vc_row]","protected":false},"excerpt":{"rendered":"<p>[vc_row type=&#8221;full_width_content&#8221; full_screen_row_position=&#8221;top&#8221; bg_color=&#8221;#ffffff&#8221; scene_position=&#8221;center&#8221; text_color=&#8221;dark&#8221; text_align=&#8221;left&#8221; overlay_strength=&#8221;0.3&#8243;][vc_column column_padding=&#8221;no-extra-padding&#8221; column_padding_position=&#8221;all&#8221; background_color_opacity=&#8221;1&#8243; background_hover_color_opacity=&#8221;1&#8243; column_shadow=&#8221;none&#8221; width=&#8221;1\/1&#8243; tablet_text_alignment=&#8221;default&#8221; phone_text_alignment=&#8221;default&#8221; column_border_width=&#8221;none&#8221; column_border_style=&#8221;solid&#8221;][\/vc_column][\/vc_row][vc_row type=&#8221;in_container&#8221; full_screen_row_position=&#8221;middle&#8221; scene_position=&#8221;center&#8221; text_color=&#8221;dark&#8221; text_align=&#8221;left&#8221; bottom_padding=&#8221;160&#8243; overlay_strength=&#8221;0.3&#8243;][vc_column column_padding=&#8221;no-extra-padding&#8221; column_padding_position=&#8221;all&#8221; background_color_opacity=&#8221;1&#8243; background_hover_color_opacity=&#8221;1&#8243; column_shadow=&#8221;none&#8221;&#8230;<\/p>\n","protected":false},"author":1,"featured_media":0,"parent":0,"menu_order":0,"comment_status":"closed","ping_status":"closed","template":"","meta":[],"yoast_head":"<!-- This site is optimized with the Yoast SEO plugin v19.3 - https:\/\/yoast.com\/wordpress\/plugins\/seo\/ -->\n<title>La Firma en Barcelona - Saumell Vallejo<\/title>\n<meta name=\"robots\" content=\"index, follow, max-snippet:-1, max-image-preview:large, max-video-preview:-1\" \/>\n<link rel=\"canonical\" href=\"https:\/\/www.saumell-vallejo.com\/ca\/la-firma-en-barcelona\/\" \/>\n<meta property=\"og:locale\" content=\"ca_ES\" \/>\n<meta property=\"og:type\" content=\"article\" \/>\n<meta property=\"og:title\" content=\"La Firma en Barcelona - Saumell Vallejo\" \/>\n<meta property=\"og:description\" content=\"[vc_row type=&#8221;full_width_content&#8221; full_screen_row_position=&#8221;top&#8221; bg_color=&#8221;#ffffff&#8221; scene_position=&#8221;center&#8221; text_color=&#8221;dark&#8221; text_align=&#8221;left&#8221; overlay_strength=&#8221;0.3&#8243;][vc_column column_padding=&#8221;no-extra-padding&#8221; column_padding_position=&#8221;all&#8221; background_color_opacity=&#8221;1&#8243; background_hover_color_opacity=&#8221;1&#8243; column_shadow=&#8221;none&#8221; width=&#8221;1\/1&#8243; tablet_text_alignment=&#8221;default&#8221; phone_text_alignment=&#8221;default&#8221; column_border_width=&#8221;none&#8221; column_border_style=&#8221;solid&#8221;][\/vc_column][\/vc_row][vc_row type=&#8221;in_container&#8221; full_screen_row_position=&#8221;middle&#8221; scene_position=&#8221;center&#8221; text_color=&#8221;dark&#8221; text_align=&#8221;left&#8221; bottom_padding=&#8221;160&#8243; overlay_strength=&#8221;0.3&#8243;][vc_column column_padding=&#8221;no-extra-padding&#8221; column_padding_position=&#8221;all&#8221; background_color_opacity=&#8221;1&#8243; background_hover_color_opacity=&#8221;1&#8243; column_shadow=&#8221;none&#8221;...\" \/>\n<meta property=\"og:url\" content=\"https:\/\/www.saumell-vallejo.com\/ca\/la-firma-en-barcelona\/\" \/>\n<meta property=\"og:site_name\" content=\"Saumell Vallejo\" \/>\n<meta property=\"article:modified_time\" content=\"2021-07-14T16:40:05+00:00\" \/>\n<meta property=\"og:image\" content=\"http:\/\/saumell-vallejo.com\/wp-content\/uploads\/2017\/03\/lvaro-300x286.jpg\" \/>\n<meta name=\"twitter:card\" content=\"summary_large_image\" \/>\n<meta name=\"twitter:label1\" content=\"Temps estimat de lectura\" \/>\n\t<meta name=\"twitter:data1\" content=\"11 minuts\" \/>\n<script type=\"application\/ld+json\" class=\"yoast-schema-graph\">{\"@context\":\"https:\/\/schema.org\",\"@graph\":[{\"@type\":\"WebSite\",\"@id\":\"https:\/\/www.saumell-vallejo.com\/#website\",\"url\":\"https:\/\/www.saumell-vallejo.com\/\",\"name\":\"Saumell Vallejo\",\"description\":\"\",\"potentialAction\":[{\"@type\":\"SearchAction\",\"target\":{\"@type\":\"EntryPoint\",\"urlTemplate\":\"https:\/\/www.saumell-vallejo.com\/?s={search_term_string}\"},\"query-input\":\"required name=search_term_string\"}],\"inLanguage\":\"ca\"},{\"@type\":\"ImageObject\",\"inLanguage\":\"ca\",\"@id\":\"https:\/\/www.saumell-vallejo.com\/ca\/la-firma-en-barcelona\/#primaryimage\",\"url\":\"http:\/\/saumell-vallejo.com\/wp-content\/uploads\/2017\/03\/lvaro-300x286.jpg\",\"contentUrl\":\"http:\/\/saumell-vallejo.com\/wp-content\/uploads\/2017\/03\/lvaro-300x286.jpg\"},{\"@type\":\"WebPage\",\"@id\":\"https:\/\/www.saumell-vallejo.com\/ca\/la-firma-en-barcelona\/\",\"url\":\"https:\/\/www.saumell-vallejo.com\/ca\/la-firma-en-barcelona\/\",\"name\":\"La Firma en Barcelona - Saumell Vallejo\",\"isPartOf\":{\"@id\":\"https:\/\/www.saumell-vallejo.com\/#website\"},\"primaryImageOfPage\":{\"@id\":\"https:\/\/www.saumell-vallejo.com\/ca\/la-firma-en-barcelona\/#primaryimage\"},\"datePublished\":\"2017-06-09T11:53:40+00:00\",\"dateModified\":\"2021-07-14T16:40:05+00:00\",\"breadcrumb\":{\"@id\":\"https:\/\/www.saumell-vallejo.com\/ca\/la-firma-en-barcelona\/#breadcrumb\"},\"inLanguage\":\"ca\",\"potentialAction\":[{\"@type\":\"ReadAction\",\"target\":[\"https:\/\/www.saumell-vallejo.com\/ca\/la-firma-en-barcelona\/\"]}]},{\"@type\":\"BreadcrumbList\",\"@id\":\"https:\/\/www.saumell-vallejo.com\/ca\/la-firma-en-barcelona\/#breadcrumb\",\"itemListElement\":[{\"@type\":\"ListItem\",\"position\":1,\"name\":\"Portada\",\"item\":\"https:\/\/www.saumell-vallejo.com\/\"},{\"@type\":\"ListItem\",\"position\":2,\"name\":\"La Firma en Barcelona\"}]}]}<\/script>\n<!-- \/ Yoast SEO plugin. -->","yoast_head_json":{"title":"La Firma en Barcelona - Saumell Vallejo","robots":{"index":"index","follow":"follow","max-snippet":"max-snippet:-1","max-image-preview":"max-image-preview:large","max-video-preview":"max-video-preview:-1"},"canonical":"https:\/\/www.saumell-vallejo.com\/ca\/la-firma-en-barcelona\/","og_locale":"ca_ES","og_type":"article","og_title":"La Firma en Barcelona - Saumell Vallejo","og_description":"[vc_row type=&#8221;full_width_content&#8221; full_screen_row_position=&#8221;top&#8221; bg_color=&#8221;#ffffff&#8221; scene_position=&#8221;center&#8221; text_color=&#8221;dark&#8221; text_align=&#8221;left&#8221; overlay_strength=&#8221;0.3&#8243;][vc_column column_padding=&#8221;no-extra-padding&#8221; column_padding_position=&#8221;all&#8221; background_color_opacity=&#8221;1&#8243; background_hover_color_opacity=&#8221;1&#8243; column_shadow=&#8221;none&#8221; width=&#8221;1\/1&#8243; tablet_text_alignment=&#8221;default&#8221; phone_text_alignment=&#8221;default&#8221; column_border_width=&#8221;none&#8221; column_border_style=&#8221;solid&#8221;][\/vc_column][\/vc_row][vc_row type=&#8221;in_container&#8221; full_screen_row_position=&#8221;middle&#8221; scene_position=&#8221;center&#8221; text_color=&#8221;dark&#8221; text_align=&#8221;left&#8221; bottom_padding=&#8221;160&#8243; overlay_strength=&#8221;0.3&#8243;][vc_column column_padding=&#8221;no-extra-padding&#8221; column_padding_position=&#8221;all&#8221; background_color_opacity=&#8221;1&#8243; background_hover_color_opacity=&#8221;1&#8243; column_shadow=&#8221;none&#8221;...","og_url":"https:\/\/www.saumell-vallejo.com\/ca\/la-firma-en-barcelona\/","og_site_name":"Saumell Vallejo","article_modified_time":"2021-07-14T16:40:05+00:00","og_image":[{"url":"http:\/\/saumell-vallejo.com\/wp-content\/uploads\/2017\/03\/lvaro-300x286.jpg"}],"twitter_card":"summary_large_image","twitter_misc":{"Temps estimat de lectura":"11 minuts"},"schema":{"@context":"https:\/\/schema.org","@graph":[{"@type":"WebSite","@id":"https:\/\/www.saumell-vallejo.com\/#website","url":"https:\/\/www.saumell-vallejo.com\/","name":"Saumell Vallejo","description":"","potentialAction":[{"@type":"SearchAction","target":{"@type":"EntryPoint","urlTemplate":"https:\/\/www.saumell-vallejo.com\/?s={search_term_string}"},"query-input":"required name=search_term_string"}],"inLanguage":"ca"},{"@type":"ImageObject","inLanguage":"ca","@id":"https:\/\/www.saumell-vallejo.com\/ca\/la-firma-en-barcelona\/#primaryimage","url":"http:\/\/saumell-vallejo.com\/wp-content\/uploads\/2017\/03\/lvaro-300x286.jpg","contentUrl":"http:\/\/saumell-vallejo.com\/wp-content\/uploads\/2017\/03\/lvaro-300x286.jpg"},{"@type":"WebPage","@id":"https:\/\/www.saumell-vallejo.com\/ca\/la-firma-en-barcelona\/","url":"https:\/\/www.saumell-vallejo.com\/ca\/la-firma-en-barcelona\/","name":"La Firma en Barcelona - Saumell Vallejo","isPartOf":{"@id":"https:\/\/www.saumell-vallejo.com\/#website"},"primaryImageOfPage":{"@id":"https:\/\/www.saumell-vallejo.com\/ca\/la-firma-en-barcelona\/#primaryimage"},"datePublished":"2017-06-09T11:53:40+00:00","dateModified":"2021-07-14T16:40:05+00:00","breadcrumb":{"@id":"https:\/\/www.saumell-vallejo.com\/ca\/la-firma-en-barcelona\/#breadcrumb"},"inLanguage":"ca","potentialAction":[{"@type":"ReadAction","target":["https:\/\/www.saumell-vallejo.com\/ca\/la-firma-en-barcelona\/"]}]},{"@type":"BreadcrumbList","@id":"https:\/\/www.saumell-vallejo.com\/ca\/la-firma-en-barcelona\/#breadcrumb","itemListElement":[{"@type":"ListItem","position":1,"name":"Portada","item":"https:\/\/www.saumell-vallejo.com\/"},{"@type":"ListItem","position":2,"name":"La Firma en Barcelona"}]}]}},"_links":{"self":[{"href":"https:\/\/www.saumell-vallejo.com\/ca\/wp-json\/wp\/v2\/pages\/3046"}],"collection":[{"href":"https:\/\/www.saumell-vallejo.com\/ca\/wp-json\/wp\/v2\/pages"}],"about":[{"href":"https:\/\/www.saumell-vallejo.com\/ca\/wp-json\/wp\/v2\/types\/page"}],"author":[{"embeddable":true,"href":"https:\/\/www.saumell-vallejo.com\/ca\/wp-json\/wp\/v2\/users\/1"}],"replies":[{"embeddable":true,"href":"https:\/\/www.saumell-vallejo.com\/ca\/wp-json\/wp\/v2\/comments?post=3046"}],"version-history":[{"count":87,"href":"https:\/\/www.saumell-vallejo.com\/ca\/wp-json\/wp\/v2\/pages\/3046\/revisions"}],"predecessor-version":[{"id":3636,"href":"https:\/\/www.saumell-vallejo.com\/ca\/wp-json\/wp\/v2\/pages\/3046\/revisions\/3636"}],"wp:attachment":[{"href":"https:\/\/www.saumell-vallejo.com\/ca\/wp-json\/wp\/v2\/media?parent=3046"}],"curies":[{"name":"wp","href":"https:\/\/api.w.org\/{rel}","templated":true}]}}